{"id":1607,"date":"2020-01-27T10:58:03","date_gmt":"2020-01-27T09:58:03","guid":{"rendered":"https:\/\/www.airbreath-oxy.com\/shipping\/"},"modified":"2024-12-31T12:32:21","modified_gmt":"2024-12-31T11:32:21","slug":"shipping","status":"publish","type":"page","link":"https:\/\/www.airbreath-oxy.com\/en\/shipping\/","title":{"rendered":"Shipping"},"content":{"rendered":"<h2><strong>Shipping<\/strong><\/h2>\n<p>&nbsp;<\/p>\n<p>Shipping will take place within eight (8) days of the order, and no later than thirty (30) days legally prescribed. If the inability to ship the selected product arises because the product is not in stock, we are obliged to inform the buyer in writing or by telephone, and the buyer has the right to cancel the order\/contract or agree to a subsequent shipping deadline. We will endeavor to ship all ordered items in one package. If this is not possible due to stock status, we reserve the right to ship in multiple shipments.<\/p>\n<p>Depending on the availability of stock, it may take some time to process your order. We aim to be able to place an order within three (3) business days of receipt of your order, and we expect your order to be shipped within seven to ten (7-10) days of dispatch (depending on location). Once we have shipped your shipment, we will send you a courier company registration number via email.<\/p>\n<p>Import duties and taxes can be added to your purchase by your country\u2019s customs authority. This is usually calculated as a percentage of the total imported value, and may also include shipping costs. We recommend that you research the laws and regulations that apply in the country where the shipment is shipped.<\/p>\n<p>&nbsp;<\/p>\n<h4><strong>In which countries we ship?<\/strong><\/h4>\n<p>Shipping is made in the territory of Croatia and in the following countries in Europe \u2013 Austria, Belgium, Bulgaria, Cyprus, Czech Republic, Denmark, Estonia, Finland, France, Greece, Ireland, Italy, Latvia, Lithuania, Luxembourg, Hungary, Malta, Netherlands, Germany, Poland, Portugal, Romania, Slovakia, Slovenia, Spain, Sweden, United Kingdom. If you are interested in buying airbreath\u00ae products but are not located in the countries listed above, you can check shipping options to other countries by emailing to <strong>shop@airbreath-oxy.com<\/strong><\/p>\n<p>&nbsp;<\/p>\n<h4><strong>Shipping costs \u2013 Croatia<\/strong><\/h4>\n<p>Shipping costs for all orders below 50,00 EUR:<br \/>\nCroatia \u2013 <span class=\"woocommerce-Price-amount amount\">5,50<\/span> EUR<\/p>\n<p><strong>Free shipping<\/strong><br \/>\nShipping for all orders over 50,00 EUR is free of charge for the whole teritory of Croatia.<\/p>\n<p>&nbsp;<\/p>\n<h4><strong>Shipping costs \u2013 Europe<\/strong><\/h4>\n<p>Shipping costs for orders below 200,00 EUR are defined by Zones and are:<br \/>\nZona I. (<strong>Austrija, \u010ce\u0161ka, Ma\u0111arska, Slova\u010dka, Slovenija<\/strong>) \u2013 20,00 EUR<br \/>\nZona II. (<strong>Belgija, Luksemburg, Nizozemska, Njema\u010dka, Poljska<\/strong>) \u2013 22,00 EUR<br \/>\nZona III. (<strong>Bugarska, Danska, Irska, Italija, Rumunjska<\/strong>) \u2013 34,00 EUR<br \/>\nZona IV. (<strong>Estonija, Finska, Francuska, Gr\u010dka, Latvija, Litva, \u0160vedska<\/strong>) \u2013 44,00 EUR<br \/>\nZona V. (<strong>Cipar, Malta, Portugal, \u0160panjolska<\/strong>) \u2013 57,00 EUR<\/p>\n<p><strong>Free shipping<\/strong><br \/>\nShipping for all orders over 250,00 EUR is free of charge for all listed countries of Europe.<\/p>\n<p><strong>Shipping process<\/strong><br \/>\nShipping is made by <a href=\"https:\/\/gls-group.eu\/HR\/en\/home\" target=\"_blank\" rel=\"noopener\">GLS Croatia d.o.o.<\/a><\/p>\n","protected":false},"excerpt":{"rendered":"<p>Shipping &nbsp; Shipping will take place within eight (8) days of the order, and no later than thirty (30) days legally prescribed. If the inability to ship the selected product arises because the product is not in stock, we are obliged to inform the buyer in writing or by telephone, and the buyer has the [&hellip;]<\/p>\n","protected":false},"author":1,"featured_media":0,"parent":0,"menu_order":0,"comment_status":"closed","ping_status":"closed","template":"","meta":{"footnotes":""},"class_list":["post-1607","page","type-page","status-publish","hentry"],"yoast_head":"<!-- This site is optimized with the Yoast SEO plugin v25.2 - https:\/\/yoast.com\/wordpress\/plugins\/seo\/ -->\n<title>Shipping | airbreath\u00ae OXYGEN<\/title>\n<meta name=\"description\" content=\"Shipping will take place within eight (8) days of the order, and no later than thirty (30) days legally prescribed.\" \/>\n<meta name=\"robots\" content=\"index, follow, max-snippet:-1, max-image-preview:large, max-video-preview:-1\" \/>\n<link rel=\"canonical\" href=\"https:\/\/www.airbreath-oxy.com\/en\/shipping\/\" \/>\n<meta property=\"og:locale\" content=\"en_US\" \/>\n<meta property=\"og:type\" content=\"article\" \/>\n<meta property=\"og:title\" content=\"Shipping | airbreath\u00ae OXYGEN\" \/>\n<meta property=\"og:description\" content=\"Shipping will take place within eight (8) days of the order, and no later than thirty (30) days legally prescribed.\" \/>\n<meta property=\"og:url\" content=\"https:\/\/www.airbreath-oxy.com\/en\/shipping\/\" \/>\n<meta property=\"og:site_name\" content=\"airbreath\u00ae OXYGEN\" \/>\n<meta property=\"article:publisher\" content=\"https:\/\/www.facebook.com\/breatheairbreath\/\" \/>\n<meta property=\"article:modified_time\" content=\"2024-12-31T11:32:21+00:00\" \/>\n<meta name=\"twitter:card\" content=\"summary_large_image\" \/>\n<meta name=\"twitter:label1\" content=\"Est. reading time\" \/>\n\t<meta name=\"twitter:data1\" content=\"3 minutes\" \/>\n<script type=\"application\/ld+json\" class=\"yoast-schema-graph\">{\"@context\":\"https:\/\/schema.org\",\"@graph\":[{\"@type\":\"WebPage\",\"@id\":\"https:\/\/www.airbreath-oxy.com\/en\/shipping\/\",\"url\":\"https:\/\/www.airbreath-oxy.com\/en\/shipping\/\",\"name\":\"Shipping | airbreath\u00ae OXYGEN\",\"isPartOf\":{\"@id\":\"https:\/\/www.airbreath-oxy.com\/en\/#website\"},\"datePublished\":\"2020-01-27T09:58:03+00:00\",\"dateModified\":\"2024-12-31T11:32:21+00:00\",\"description\":\"Shipping will take place within eight (8) days of the order, and no later than thirty (30) days legally prescribed.\",\"breadcrumb\":{\"@id\":\"https:\/\/www.airbreath-oxy.com\/en\/shipping\/#breadcrumb\"},\"inLanguage\":\"en-US\",\"potentialAction\":[{\"@type\":\"ReadAction\",\"target\":[\"https:\/\/www.airbreath-oxy.com\/en\/shipping\/\"]}]},{\"@type\":\"BreadcrumbList\",\"@id\":\"https:\/\/www.airbreath-oxy.com\/en\/shipping\/#breadcrumb\",\"itemListElement\":[{\"@type\":\"ListItem\",\"position\":1,\"name\":\"Po\u010detna stranica\",\"item\":\"https:\/\/www.airbreath-oxy.com\/en\/\"},{\"@type\":\"ListItem\",\"position\":2,\"name\":\"Shipping\"}]},{\"@type\":\"WebSite\",\"@id\":\"https:\/\/www.airbreath-oxy.com\/en\/#website\",\"url\":\"https:\/\/www.airbreath-oxy.com\/en\/\",\"name\":\"airbreath\u00ae OXYGEN\",\"description\":\"Pure breathing oxygen in a bottle.\",\"publisher\":{\"@id\":\"https:\/\/www.airbreath-oxy.com\/en\/#organization\"},\"potentialAction\":[{\"@type\":\"SearchAction\",\"target\":{\"@type\":\"EntryPoint\",\"urlTemplate\":\"https:\/\/www.airbreath-oxy.com\/en\/?s={search_term_string}\"},\"query-input\":{\"@type\":\"PropertyValueSpecification\",\"valueRequired\":true,\"valueName\":\"search_term_string\"}}],\"inLanguage\":\"en-US\"},{\"@type\":\"Organization\",\"@id\":\"https:\/\/www.airbreath-oxy.com\/en\/#organization\",\"name\":\"AIR RIO\",\"url\":\"https:\/\/www.airbreath-oxy.com\/en\/\",\"logo\":{\"@type\":\"ImageObject\",\"inLanguage\":\"en-US\",\"@id\":\"https:\/\/www.airbreath-oxy.com\/en\/#\/schema\/logo\/image\/\",\"url\":\"https:\/\/www.airbreath-oxy.com\/wp-content\/uploads\/2020\/04\/logo_airb.png\",\"contentUrl\":\"https:\/\/www.airbreath-oxy.com\/wp-content\/uploads\/2020\/04\/logo_airb.png\",\"width\":503,\"height\":112,\"caption\":\"AIR RIO\"},\"image\":{\"@id\":\"https:\/\/www.airbreath-oxy.com\/en\/#\/schema\/logo\/image\/\"},\"sameAs\":[\"https:\/\/www.facebook.com\/breatheairbreath\/\",\"https:\/\/www.instagram.com\/breatheairbreath\/?igshid=rr5zy76gze23\",\"https:\/\/www.youtube.com\/channel\/UCF6algtp_Q46ASrGt6wD_7w\"]}]}<\/script>\n<!-- \/ Yoast SEO plugin. -->","yoast_head_json":{"title":"Shipping | airbreath\u00ae OXYGEN","description":"Shipping will take place within eight (8) days of the order, and no later than thirty (30) days legally prescribed.","robots":{"index":"index","follow":"follow","max-snippet":"max-snippet:-1","max-image-preview":"max-image-preview:large","max-video-preview":"max-video-preview:-1"},"canonical":"https:\/\/www.airbreath-oxy.com\/en\/shipping\/","og_locale":"en_US","og_type":"article","og_title":"Shipping | airbreath\u00ae OXYGEN","og_description":"Shipping will take place within eight (8) days of the order, and no later than thirty (30) days legally prescribed.","og_url":"https:\/\/www.airbreath-oxy.com\/en\/shipping\/","og_site_name":"airbreath\u00ae OXYGEN","article_publisher":"https:\/\/www.facebook.com\/breatheairbreath\/","article_modified_time":"2024-12-31T11:32:21+00:00","twitter_card":"summary_large_image","twitter_misc":{"Est. reading time":"3 minutes"},"schema":{"@context":"https:\/\/schema.org","@graph":[{"@type":"WebPage","@id":"https:\/\/www.airbreath-oxy.com\/en\/shipping\/","url":"https:\/\/www.airbreath-oxy.com\/en\/shipping\/","name":"Shipping | airbreath\u00ae OXYGEN","isPartOf":{"@id":"https:\/\/www.airbreath-oxy.com\/en\/#website"},"datePublished":"2020-01-27T09:58:03+00:00","dateModified":"2024-12-31T11:32:21+00:00","description":"Shipping will take place within eight (8) days of the order, and no later than thirty (30) days legally prescribed.","breadcrumb":{"@id":"https:\/\/www.airbreath-oxy.com\/en\/shipping\/#breadcrumb"},"inLanguage":"en-US","potentialAction":[{"@type":"ReadAction","target":["https:\/\/www.airbreath-oxy.com\/en\/shipping\/"]}]},{"@type":"BreadcrumbList","@id":"https:\/\/www.airbreath-oxy.com\/en\/shipping\/#breadcrumb","itemListElement":[{"@type":"ListItem","position":1,"name":"Po\u010detna stranica","item":"https:\/\/www.airbreath-oxy.com\/en\/"},{"@type":"ListItem","position":2,"name":"Shipping"}]},{"@type":"WebSite","@id":"https:\/\/www.airbreath-oxy.com\/en\/#website","url":"https:\/\/www.airbreath-oxy.com\/en\/","name":"airbreath\u00ae OXYGEN","description":"Pure breathing oxygen in a bottle.","publisher":{"@id":"https:\/\/www.airbreath-oxy.com\/en\/#organization"},"potentialAction":[{"@type":"SearchAction","target":{"@type":"EntryPoint","urlTemplate":"https:\/\/www.airbreath-oxy.com\/en\/?s={search_term_string}"},"query-input":{"@type":"PropertyValueSpecification","valueRequired":true,"valueName":"search_term_string"}}],"inLanguage":"en-US"},{"@type":"Organization","@id":"https:\/\/www.airbreath-oxy.com\/en\/#organization","name":"AIR RIO","url":"https:\/\/www.airbreath-oxy.com\/en\/","logo":{"@type":"ImageObject","inLanguage":"en-US","@id":"https:\/\/www.airbreath-oxy.com\/en\/#\/schema\/logo\/image\/","url":"https:\/\/www.airbreath-oxy.com\/wp-content\/uploads\/2020\/04\/logo_airb.png","contentUrl":"https:\/\/www.airbreath-oxy.com\/wp-content\/uploads\/2020\/04\/logo_airb.png","width":503,"height":112,"caption":"AIR RIO"},"image":{"@id":"https:\/\/www.airbreath-oxy.com\/en\/#\/schema\/logo\/image\/"},"sameAs":["https:\/\/www.facebook.com\/breatheairbreath\/","https:\/\/www.instagram.com\/breatheairbreath\/?igshid=rr5zy76gze23","https:\/\/www.youtube.com\/channel\/UCF6algtp_Q46ASrGt6wD_7w"]}]}},"_links":{"self":[{"href":"https:\/\/www.airbreath-oxy.com\/en\/wp-json\/wp\/v2\/pages\/1607","targetHints":{"allow":["GET"]}}],"collection":[{"href":"https:\/\/www.airbreath-oxy.com\/en\/wp-json\/wp\/v2\/pages"}],"about":[{"href":"https:\/\/www.airbreath-oxy.com\/en\/wp-json\/wp\/v2\/types\/page"}],"author":[{"embeddable":true,"href":"https:\/\/www.airbreath-oxy.com\/en\/wp-json\/wp\/v2\/users\/1"}],"replies":[{"embeddable":true,"href":"https:\/\/www.airbreath-oxy.com\/en\/wp-json\/wp\/v2\/comments?post=1607"}],"version-history":[{"count":0,"href":"https:\/\/www.airbreath-oxy.com\/en\/wp-json\/wp\/v2\/pages\/1607\/revisions"}],"wp:attachment":[{"href":"https:\/\/www.airbreath-oxy.com\/en\/wp-json\/wp\/v2\/media?parent=1607"}],"curies":[{"name":"wp","href":"https:\/\/api.w.org\/{rel}","templated":true}]}}